{"id":3399,"date":"2023-05-02T10:46:21","date_gmt":"2023-05-02T10:46:21","guid":{"rendered":"https:\/\/malikiaabudabbab.com\/ueber-uns\/"},"modified":"2024-02-06T07:27:24","modified_gmt":"2024-02-06T07:27:24","slug":"ueber-uns","status":"publish","type":"page","link":"https:\/\/malikiaabudabbab.com\/de\/ueber-uns\/","title":{"rendered":"\u00dcber uns"},"content":{"rendered":"\t\t<div data-elementor-type=\"wp-page\" data-elementor-id=\"3399\" class=\"elementor elementor-3399 elementor-9\">\n\t\t\t\t\t\t<section class=\"elementor-section elementor-top-section elementor-element elementor-element-b45785c elementor-section-full_width elementor-section-height-default elementor-section-height-default\" data-id=\"b45785c\" data-element_type=\"section\" data-settings=\"{&quot;background_background&quot;:&quot;classic&quot;}\">\n\t\t\t\t\t\t\t<div class=\"elementor-background-overlay\"><\/div>\n\t\t\t\t\t\t\t<div class=\"elementor-container elementor-column-gap-no\">\n\t\t\t\t\t<div class=\"elementor-column elementor-col-100 elementor-top-column elementor-element elementor-element-74ec322\" data-id=\"74ec322\" data-element_type=\"column\">\n\t\t\t<div class=\"elementor-widget-wrap elementor-element-populated\">\n\t\t\t\t\t\t<div class=\"elementor-element elementor-element-1518a72 elementor-widget elementor-widget-spacer\" data-id=\"1518a72\" data-element_type=\"widget\" data-widget_type=\"spacer.default\">\n\t\t\t\t<div class=\"elementor-widget-container\">\n\t\t\t\t\t\t\t<div class=\"elementor-spacer\">\n\t\t\t<div class=\"elementor-spacer-inner\"><\/div>\n\t\t<\/div>\n\t\t\t\t\t\t<\/div>\n\t\t\t\t<\/div>\n\t\t\t\t<div class=\"elementor-element elementor-element-8d6f432 animated-fast elementor-invisible elementor-widget elementor-widget-heading\" data-id=\"8d6f432\" data-element_type=\"widget\" data-settings=\"{&quot;_animation&quot;:&quot;zoomIn&quot;,&quot;_animation_delay&quot;:300}\" data-widget_type=\"heading.default\">\n\t\t\t\t<div class=\"elementor-widget-container\">\n\t\t\t\t\t<h2 class=\"elementor-heading-title elementor-size-default\">Unser Hotel<\/h2>\t\t\t\t<\/div>\n\t\t\t\t<\/div>\n\t\t\t\t<div class=\"elementor-element elementor-element-aff5afb elementor-widget elementor-widget-spacer\" data-id=\"aff5afb\" data-element_type=\"widget\" data-widget_type=\"spacer.default\">\n\t\t\t\t<div class=\"elementor-widget-container\">\n\t\t\t\t\t\t\t<div class=\"elementor-spacer\">\n\t\t\t<div class=\"elementor-spacer-inner\"><\/div>\n\t\t<\/div>\n\t\t\t\t\t\t<\/div>\n\t\t\t\t<\/div>\n\t\t\t\t<div class=\"elementor-element elementor-element-ac99d01 elementor-hidden-tablet elementor-hidden-mobile elementor-widget elementor-widget-shortcode\" data-id=\"ac99d01\" data-element_type=\"widget\" data-widget_type=\"shortcode.default\">\n\t\t\t\t<div class=\"elementor-widget-container\">\n\t\t\t\t\t\t\t<div class=\"elementor-shortcode\">\n \t<script type=\"text\/javascript\" src=\"https:\/\/code.jquery.com\/jquery-2.1.4.min.js\"><\/script>\n\t<script type=\"text\/javascript\" src=\"https:\/\/code.jquery.com\/jquery-migrate-1.2.1.min.js\"><\/script>\n\t<script type=\"text\/javascript\" src=\"https:\/\/code.jquery.com\/ui\/1.11.4\/jquery-ui.min.js\"><\/script>\n\t    \n\t<div id=\"quickbooking\" class=\"main quickbooking row\">\n\t\t<form class=\"book-col-form\" action=\"#\" method=\"post\" name=\"BookOnline\" target=\"_blank\" id=\"BookOnline\">\n\t\t\t\t\n  \t\t\t\t<div class=\"book-col-column col-md-2\">\n\t\t\t\t\t\n\t\t\t\t\t\t<label>Einchecken<\/label>\n\t  \t\t\t\t\t<input id=\"arrival\" class=\"datepicker\" name=\"arrival\" value=\"\" type=\"text\" autofocuss=\"\">\n\t  \t\t\t<\/div>\n\n\t  \t\t\t\t<div class=\"book-col-column col-md-2\">\n\t  \t\t\t\t\t<label>Kasse<\/label>\n\t  \t\t\t\t\t<input id=\"departure\" class=\"datepicker\" name=\"departure\" value=\"\" type=\"text\" autofocuss=\"\"> \n\t  \t\t\t\t<\/div>\n\n\t  \t\t\t\t<div class=\"book-col-column col-md-2\">\n \t  \t\t\t\t\t<label>Zimmer<\/label>\n\t  \t\t\t\t\t<select id=\"rooms\" name=\"rooms\">\n\t  \t\t\t\t\t<option value=\"1\">1<\/option>\n\t  \t\t\t\t\t<option value=\"2\">2<\/option>\n\t  \t\t\t\t\t<option value=\"3\">3<\/option>\n\t  \t\t\t\t\t<option value=\"4\">4<\/option>\n\t  \t\t\t\t\t<\/select>\n\t  \t\t\t\t\t<\/div>\n\n\t\t\t\t<div class=\"book-col-column col-md-2\">\n\t  \t\t\t\t\t<label>Erwachsene<\/label>\n\t  \t\t\t\t\t<select id=\"adults\" name=\"adults\">\n\t  \t\t\t\t\t<option value=\"1\">1 <\/option>\n\t  \t\t\t\t\t<option value=\"2\" selected=\"selected\">2 <\/option>\n\t  \t\t\t\t\t<option value=\"3\">3 <\/option>\n\t  \t\t\t\t\t<option value=\"4\">4 <\/option>\n\t  \t\t\t\t\t<\/select>\n\t  \t\t\t\t\t<\/div>\n\n\t\t\t\t<div class=\"book-col-column col-md-2\">\n\t  \t\t\t\t\t<label>Kinder<\/label>\n\t  \t\t\t\t\t<select id=\"kids\" name=\"kids\">\n\t  \t\t\t\t\t<option value=\"0\">0 <\/option>\n\t  \t\t\t\t\t<option value=\"1\">1 <\/option>\n\t  \t\t\t\t\t<option value=\"2\">2 <\/option>\n\t  \t\t\t\t\t<\/select>\n\t  \t\t\t<\/div>\n\t\t\t\t<div class=\"book-col-column col-md-2\">\n\t  \t\t\t\t<div class=\"book-col-submit-wrap\">\t\t\t\n\t  \t\t\t\t\t<input class=\"book-col-submit\" id=\"booking-submit\" type=\"submit\" value=\"Jetzt buchen\">\n\t  \t\t\t\t<\/div>\n\n\t  \t\t\t\t    <div id=\"container\"><\/div>\n\t\t\t\t\t\t\t<input type=\"hidden\" name=\"Page\" value=\"19\">\n\t\t\t\t\t\t\t<input type=\"hidden\" name=\"lan_id\" value=\"de-DE\">\n\t\t\t\t\t\t\t<input type=\"hidden\" name=\"kid1\" value=\"-1\">\n\t\t\t\t\t\t\t<input type=\"hidden\" name=\"kid2\" value=\"1\">\n\t\t\t\t\t\t\t<input type=\"hidden\" name=\"kid3\" value=\"-1\">\n\t\t\t\t\t\t\t<input type=\"hidden\" name=\"extra\" value=\"0\">\n\t\t\t\t\t\t\t<input type=\"hidden\" name=\"cot\" value=\"0\">\n\t\t\t\t\t\t\t<input type=\"hidden\" name=\"src\" value=\"\">\t\t\t\t\t\n\t\t\t\t\t\t<\/div>\n\t\t\t\t<\/form>\n\t\t\t<\/div>\n\n\t<script>\n\n\t\t    jQuery(function() {\n\t\t        jQuery('#quickbooking #arrival').datepicker({\n\t\t            dateFormat: 'dd, M yy',\n\t\t            beforeShowDay: function(date) {\n\t\t                var currentDate = new Date();\n\t\t                currentDate.setHours(0);\n\t\t                currentDate.setMinutes(0);\n\t\t                currentDate.setSeconds(0);\n\t\t                currentDate.setMilliseconds(0);\n\t\t                if (date >= currentDate) {\n\t\t                    return [true, ''];\n\t\t                }\n\t\t                else {\n\t\t                    return [false, ''];\n\t\t                }\n\t\t            },\n\t\t            onSelect: function(dateText, inst) {\n\t\t                var nextDay = jQuery('#quickbooking #arrival').datepicker('getDate');\n\t\t                nextDay.setDate(nextDay.getDate() + 1);\n\t\t                var depart = jQuery('#quickbooking #departure').datepicker('getDate');\n\t\t                if (depart < nextDay) {\n\t\t                    jQuery('#quickbooking #departure').val(jQuery.datepicker.formatDate('dd, M yy', nextDay));\n\t\t                }\n\t\t            }\n\t\t        }).val(jQuery.datepicker.formatDate('dd, M yy', new Date()));\n\t\t        var nextDay = new Date();\n\t\t        nextDay.setDate(new Date().getDate() + 1);\n\t\t        jQuery('#quickbooking #departure').datepicker({\n\t\t            dateFormat: 'dd, M yy',\n\t\t            beforeShowDay: function(date) {\n\t\t                var nextDay = jQuery('#quickbooking #arrival').datepicker('getDate');\n\t\t                nextDay.setDate(nextDay.getDate() + 1);\n\t\t                nextDay.setHours(0);\n\t\t                nextDay.setMinutes(0);\n\t\t                nextDay.setSeconds(0);\n\t\t                nextDay.setMilliseconds(0);\n\n\t\t                if (date >= nextDay) {\n\t\t                    return [true, ''];\n\t\t                }\n\t\t                else {\n\t\t                    return [false, ''];\n\t\t                }\n\t\t            }\n\t\t        }).val(jQuery.datepicker.formatDate('dd, M yy', nextDay));\n\n\t\t        jQuery('#quickbooking form').submit(function(e) {\n\t\t            e.preventDefault();\n\t\t\t\t\tconsole.log(\"hi\");\n\t\t            var $this = jQuery(this);\n\n\t\t            var values = {};\n\t\t            jQuery.each($this.serializeArray(), function(k, v) {\n\t\t                values[v.name] = v.value;\n\t\t            });\n\n\t\t            if (values.hotel == -1) {\n\t\t                url = '';\n\t\t            }\n\t\t            else {\n\t\t                url = '#';\n\t\t            }\n\t\t            delete values.hotel;\n\n\t\t            var arrivalDate = jQuery('#arrival', jQuery(this)).datepicker('getDate');\n\t\t            var departureDate = jQuery('#departure', jQuery(this)).datepicker('getDate');\n\t\t            values.arrival = jQuery.datepicker.formatDate('dd\/mm\/yy', arrivalDate);\n\t\t            values.departure = jQuery.datepicker.formatDate('dd\/mm\/yy', departureDate);\n\n\t\t            jQuery.each(values, function(k, v) {\n\t\t                if (v.length > 0) {\n\t\t                    url += k + '=' + v + '&';\n\t\t                }\n\t\t\t\t\t\t\n\t\t            });\n \t\t           url = url.substr(1, url.length-1);\n\t\t            \/\/uncomment below if results in _self\n\t\t            \/\/window.location.href = url;\n\n\t\t            \/\/comment below if you need result in _self\n\t\t            var BookSearch = window.open(\"https:\/\/malikiaabudabbab.book-onlinenow.net\/index.aspx?\"+url,\"_blank\");\n\t\t\t\t\tconsole.log(\"final url\"+BookSearch)\n\t\t\t\t\t\n\t\t        });\n\t\t    });\n\t<\/script>\n\n<\/div>\n\t\t\t\t\t\t<\/div>\n\t\t\t\t<\/div>\n\t\t\t\t<div class=\"elementor-element elementor-element-f52b605 elementor-widget elementor-widget-spacer\" data-id=\"f52b605\" data-element_type=\"widget\" data-widget_type=\"spacer.default\">\n\t\t\t\t<div class=\"elementor-widget-container\">\n\t\t\t\t\t\t\t<div class=\"elementor-spacer\">\n\t\t\t<div class=\"elementor-spacer-inner\"><\/div>\n\t\t<\/div>\n\t\t\t\t\t\t<\/div>\n\t\t\t\t<\/div>\n\t\t\t\t\t<\/div>\n\t\t<\/div>\n\t\t\t\t\t<\/div>\n\t\t<\/section>\n\t\t\t\t<section class=\"elementor-section elementor-top-section elementor-element elementor-element-d8228d2 elementor-section-full_width elementor-section-height-default elementor-section-height-default\" data-id=\"d8228d2\" data-element_type=\"section\">\n\t\t\t\t\t\t<div class=\"elementor-container elementor-column-gap-no\">\n\t\t\t\t\t<div class=\"elementor-column elementor-col-100 elementor-top-column elementor-element elementor-element-d5398ba\" data-id=\"d5398ba\" data-element_type=\"column\">\n\t\t\t<div class=\"elementor-widget-wrap elementor-element-populated\">\n\t\t\t\t\t\t<div class=\"elementor-element elementor-element-0d0ee59 elementor-widget elementor-widget-image\" data-id=\"0d0ee59\" data-element_type=\"widget\" data-widget_type=\"image.default\">\n\t\t\t\t<div class=\"elementor-widget-container\">\n\t\t\t\t\t\t\t\t\t\t\t\t\t\t\t<img decoding=\"async\" src=\"https:\/\/malikiaabudabbab.com\/wp-content\/uploads\/2023\/06\/wave.webp\" title=\"\" alt=\"\" loading=\"lazy\" \/>\t\t\t\t\t\t\t\t\t\t\t\t\t\t\t<\/div>\n\t\t\t\t<\/div>\n\t\t\t\t\t<\/div>\n\t\t<\/div>\n\t\t\t\t\t<\/div>\n\t\t<\/section>\n\t\t\t\t<section class=\"elementor-section elementor-top-section elementor-element elementor-element-d5d28ca elementor-section-boxed elementor-section-height-default elementor-section-height-default\" data-id=\"d5d28ca\" data-element_type=\"section\">\n\t\t\t\t\t\t<div class=\"elementor-container elementor-column-gap-default\">\n\t\t\t\t\t<div class=\"elementor-column elementor-col-100 elementor-top-column elementor-element elementor-element-2164085\" data-id=\"2164085\" data-element_type=\"column\">\n\t\t\t<div class=\"elementor-widget-wrap elementor-element-populated\">\n\t\t\t\t\t\t<div class=\"elementor-element elementor-element-bcf7ec0 elementor-widget__width-initial animated-fast elementor-invisible elementor-widget elementor-widget-page-title\" data-id=\"bcf7ec0\" data-element_type=\"widget\" data-settings=\"{&quot;align&quot;:&quot;center&quot;,&quot;_animation&quot;:&quot;slideInLeft&quot;,&quot;_animation_delay&quot;:200}\" data-widget_type=\"page-title.default\">\n\t\t\t\t<div class=\"elementor-widget-container\">\n\t\t\t\t\t\t\t\n\t\t<div class=\"hfe-page-title hfe-page-title-wrapper elementor-widget-heading\">\n\n\t\t\t\t\t\t\t\t<h2 class=\"elementor-heading-title elementor-size-default\">\n\t\t\t\t\t\t\t\t\n\t\t\t\t\u00dcber uns  \n\t\t\t<\/h2 > \n\t\t\t\t\t<\/div>\n\t\t\t\t\t\t<\/div>\n\t\t\t\t<\/div>\n\t\t\t\t\t<\/div>\n\t\t<\/div>\n\t\t\t\t\t<\/div>\n\t\t<\/section>\n\t\t\t\t<section class=\"elementor-section elementor-top-section elementor-element elementor-element-43b5e4e elementor-section-full_width elementor-section-stretched elementor-section-height-default elementor-section-height-default\" data-id=\"43b5e4e\" data-element_type=\"section\" data-settings=\"{&quot;stretch_section&quot;:&quot;section-stretched&quot;}\">\n\t\t\t\t\t\t<div class=\"elementor-container elementor-column-gap-no\">\n\t\t\t\t\t<div class=\"elementor-column elementor-col-100 elementor-top-column elementor-element elementor-element-e700387\" data-id=\"e700387\" data-element_type=\"column\">\n\t\t\t<div class=\"elementor-widget-wrap elementor-element-populated\">\n\t\t\t\t\t\t<section class=\"elementor-section elementor-inner-section elementor-element elementor-element-54718be elementor-section-full_width elementor-reverse-mobile elementor-section-height-default elementor-section-height-default\" data-id=\"54718be\" data-element_type=\"section\">\n\t\t\t\t\t\t<div class=\"elementor-container elementor-column-gap-no\">\n\t\t\t\t\t<div class=\"elementor-column elementor-col-33 elementor-inner-column elementor-element elementor-element-644adfa animated-fast elementor-invisible\" data-id=\"644adfa\" data-element_type=\"column\" data-settings=\"{&quot;animation&quot;:&quot;slideInLeft&quot;,&quot;animation_delay&quot;:500}\">\n\t\t\t<div class=\"elementor-widget-wrap elementor-element-populated\">\n\t\t\t\t\t\t<div class=\"elementor-element elementor-element-c262b5e elementor-widget elementor-widget-image\" data-id=\"c262b5e\" data-element_type=\"widget\" data-widget_type=\"image.default\">\n\t\t\t\t<div class=\"elementor-widget-container\">\n\t\t\t\t\t\t\t\t\t\t\t\t\t\t\t<img fetchpriority=\"high\" decoding=\"async\" width=\"1300\" height=\"866\" src=\"https:\/\/malikiaabudabbab.com\/wp-content\/uploads\/2024\/02\/waves-pool.webp\" class=\"attachment-full size-full wp-image-5044\" alt=\"\" srcset=\"https:\/\/malikiaabudabbab.com\/wp-content\/uploads\/2024\/02\/waves-pool.webp 1300w, https:\/\/malikiaabudabbab.com\/wp-content\/uploads\/2024\/02\/waves-pool-300x200.webp 300w, https:\/\/malikiaabudabbab.com\/wp-content\/uploads\/2024\/02\/waves-pool-1024x682.webp 1024w, https:\/\/malikiaabudabbab.com\/wp-content\/uploads\/2024\/02\/waves-pool-768x512.webp 768w\" sizes=\"(max-width: 1300px) 100vw, 1300px\" \/>\t\t\t\t\t\t\t\t\t\t\t\t\t\t\t<\/div>\n\t\t\t\t<\/div>\n\t\t\t\t\t<\/div>\n\t\t<\/div>\n\t\t\t\t<div class=\"elementor-column elementor-col-33 elementor-inner-column elementor-element elementor-element-e297268 animated-slow elementor-invisible\" data-id=\"e297268\" data-element_type=\"column\" data-settings=\"{&quot;animation&quot;:&quot;slideInUp&quot;,&quot;animation_delay&quot;:300}\">\n\t\t\t<div class=\"elementor-widget-wrap elementor-element-populated\">\n\t\t\t\t\t\t<div class=\"elementor-element elementor-element-aeb7514 elementor-widget__width-initial elementor-widget elementor-widget-image\" data-id=\"aeb7514\" data-element_type=\"widget\" data-widget_type=\"image.default\">\n\t\t\t\t<div class=\"elementor-widget-container\">\n\t\t\t\t\t\t\t\t\t\t\t\t\t\t\t<img decoding=\"async\" width=\"1200\" height=\"801\" src=\"https:\/\/malikiaabudabbab.com\/wp-content\/uploads\/2024\/02\/overview-11.webp\" class=\"attachment-full size-full wp-image-5029\" alt=\"\" srcset=\"https:\/\/malikiaabudabbab.com\/wp-content\/uploads\/2024\/02\/overview-11.webp 1200w, https:\/\/malikiaabudabbab.com\/wp-content\/uploads\/2024\/02\/overview-11-300x200.webp 300w, https:\/\/malikiaabudabbab.com\/wp-content\/uploads\/2024\/02\/overview-11-1024x684.webp 1024w, https:\/\/malikiaabudabbab.com\/wp-content\/uploads\/2024\/02\/overview-11-768x513.webp 768w\" sizes=\"(max-width: 1200px) 100vw, 1200px\" \/>\t\t\t\t\t\t\t\t\t\t\t\t\t\t\t<\/div>\n\t\t\t\t<\/div>\n\t\t\t\t\t<\/div>\n\t\t<\/div>\n\t\t\t\t<div class=\"elementor-column elementor-col-33 elementor-inner-column elementor-element elementor-element-567afe8 animated-fast elementor-invisible\" data-id=\"567afe8\" data-element_type=\"column\" data-settings=\"{&quot;animation&quot;:&quot;slideInRight&quot;,&quot;animation_delay&quot;:500}\">\n\t\t\t<div class=\"elementor-widget-wrap elementor-element-populated\">\n\t\t\t\t\t\t<div class=\"elementor-element elementor-element-075fe1b elementor-widget elementor-widget-heading\" data-id=\"075fe1b\" data-element_type=\"widget\" data-widget_type=\"heading.default\">\n\t\t\t\t<div class=\"elementor-widget-container\">\n\t\t\t\t\t<h2 class=\"elementor-heading-title elementor-size-default\">Ferienanlage Malikia<\/h2>\t\t\t\t<\/div>\n\t\t\t\t<\/div>\n\t\t\t\t<div class=\"elementor-element elementor-element-43d81e2 elementor-widget elementor-widget-heading\" data-id=\"43d81e2\" data-element_type=\"widget\" data-widget_type=\"heading.default\">\n\t\t\t\t<div class=\"elementor-widget-container\">\n\t\t\t\t\t<h2 class=\"elementor-heading-title elementor-size-default\">Abu Dabbab<\/h2>\t\t\t\t<\/div>\n\t\t\t\t<\/div>\n\t\t\t\t<div class=\"elementor-element elementor-element-cd5f131 animated-fast elementor-widget-divider--view-line elementor-invisible elementor-widget elementor-widget-divider\" data-id=\"cd5f131\" data-element_type=\"widget\" data-settings=\"{&quot;_animation&quot;:&quot;slideInRight&quot;,&quot;_animation_delay&quot;:500}\" data-widget_type=\"divider.default\">\n\t\t\t\t<div class=\"elementor-widget-container\">\n\t\t\t\t\t\t\t<div class=\"elementor-divider\">\n\t\t\t<span class=\"elementor-divider-separator\">\n\t\t\t\t\t\t<\/span>\n\t\t<\/div>\n\t\t\t\t\t\t<\/div>\n\t\t\t\t<\/div>\n\t\t\t\t<div class=\"elementor-element elementor-element-ad3b8d2 elementor-widget elementor-widget-text-editor\" data-id=\"ad3b8d2\" data-element_type=\"widget\" data-widget_type=\"text-editor.default\">\n\t\t\t\t<div class=\"elementor-widget-container\">\n\t\t\t\t\t\t\t\t\t<p>Das Malikia Resort Abu Dabbab befindet sich am atemberaubenden Strand von Abu Dabbab in Marsa Alam und verf\u00fcgt \u00fcber einen einzigartigen geografischen Vorteil. Sein langer Sandstrand und der einfache Zugang zum Meer machen ihn zu einem der sch\u00f6nsten Orte in der Region Marsa Alam. Au\u00dferdem ist das Resort wie ein Naturpark, in dem seltene Wassertiere wie Seek\u00fche und gro\u00dfe Schildkr\u00f6ten leben. Die gesch\u00fctzten Buchten des Resorts und die herrlichen Saumriffe machen es zu einem beliebten Ziel f\u00fcr Taucher, die hier eine faszinierende Unterwasserwelt mit wundersch\u00f6nen Korallenformationen vorfinden. Die G\u00e4ste k\u00f6nnen auch fantastische Schnorchelm\u00f6glichkeiten am Hausriff genie\u00dfen, das reich an verschiedenen Korallenarten ist. Au\u00dferdem k\u00f6nnen sich die G\u00e4ste am gro\u00dfen, stufenf\u00f6rmigen S\u00fc\u00dfwasserpool des Resorts entspannen, w\u00e4hrend ihre Kinder an den vom Animationsteam organisierten Aktivit\u00e4ten teilnehmen.<\/p>\n<p>Die klimatisierten Zimmer verf\u00fcgen \u00fcber einen Balkon. Das Malikia Resort Abu Dabbab liegt 30 km s\u00fcdlich vom internationalen Flughafen Marsa Alam. Es bietet Wasserrutschen, einen Fitnessraum, einen Au\u00dfenpool und ein Restaurant. Mit Blick auf das Meer, den Pool oder den Garten.<\/p>\n\t\t\t\t\t\t\t\t<\/div>\n\t\t\t\t<\/div>\n\t\t\t\t<div class=\"elementor-element elementor-element-535fd52 elementor-widget elementor-widget-heading\" data-id=\"535fd52\" data-element_type=\"widget\" data-widget_type=\"heading.default\">\n\t\t\t\t<div class=\"elementor-widget-container\">\n\t\t\t\t\t<h2 class=\"elementor-heading-title elementor-size-default\">Ein paradiesisches Reiseziel<\/h2>\t\t\t\t<\/div>\n\t\t\t\t<\/div>\n\t\t\t\t\t<\/div>\n\t\t<\/div>\n\t\t\t\t\t<\/div>\n\t\t<\/section>\n\t\t\t\t\t<\/div>\n\t\t<\/div>\n\t\t\t\t\t<\/div>\n\t\t<\/section>\n\t\t\t\t<\/div>\n\t\t","protected":false},"excerpt":{"rendered":"<p>Unser Hotel \u00dcber uns Ferienanlage Malikia Abu Dabbab Das Malikia Resort Abu Dabbab befindet sich am atemberaubenden Strand von Abu Dabbab in Marsa Alam und verf\u00fcgt \u00fcber einen einzigartigen geografischen Vorteil. Sein langer Sandstrand und der einfache Zugang zum Meer machen ihn zu einem der sch\u00f6nsten Orte in der Region Marsa Alam. Au\u00dferdem ist das [&hellip;]<\/p>\n","protected":false},"author":1,"featured_media":0,"parent":0,"menu_order":0,"comment_status":"closed","ping_status":"closed","template":"elementor_header_footer","meta":{"inline_featured_image":false,"footnotes":""},"class_list":["post-3399","page","type-page","status-publish","hentry"],"aioseo_notices":[],"_links":{"self":[{"href":"https:\/\/malikiaabudabbab.com\/de\/wp-json\/wp\/v2\/pages\/3399","targetHints":{"allow":["GET"]}}],"collection":[{"href":"https:\/\/malikiaabudabbab.com\/de\/wp-json\/wp\/v2\/pages"}],"about":[{"href":"https:\/\/malikiaabudabbab.com\/de\/wp-json\/wp\/v2\/types\/page"}],"author":[{"embeddable":true,"href":"https:\/\/malikiaabudabbab.com\/de\/wp-json\/wp\/v2\/users\/1"}],"replies":[{"embeddable":true,"href":"https:\/\/malikiaabudabbab.com\/de\/wp-json\/wp\/v2\/comments?post=3399"}],"version-history":[{"count":0,"href":"https:\/\/malikiaabudabbab.com\/de\/wp-json\/wp\/v2\/pages\/3399\/revisions"}],"wp:attachment":[{"href":"https:\/\/malikiaabudabbab.com\/de\/wp-json\/wp\/v2\/media?parent=3399"}],"curies":[{"name":"wp","href":"https:\/\/api.w.org\/{rel}","templated":true}]}}